{"id":120,"date":"2024-07-08T03:05:15","date_gmt":"2024-07-08T03:05:15","guid":{"rendered":"https:\/\/demo2wpopal.b-cdn.net\/asteno\/product\/gorgeous-rubber-wallet\/"},"modified":"2025-06-16T22:11:28","modified_gmt":"2025-06-16T22:11:28","slug":"black-girl-magic-rose","status":"publish","type":"product","link":"https:\/\/donamatildewine.cl\/index.php\/product\/black-girl-magic-rose\/","title":{"rendered":"Black Girl Magic Ros\u00e9"},"content":{"rendered":"\t\t<div data-elementor-type=\"wp-post\" data-elementor-id=\"120\" class=\"elementor elementor-120\">\n\t\t\t\t<div class=\"elementor-element elementor-element-15751363 e-flex e-con-boxed e-con e-parent\" data-id=\"15751363\" data-element_type=\"container\">\n\t\t\t\t\t<div class=\"e-con-inner\">\n\t\t<div class=\"elementor-element elementor-element-979b208 e-con-full e-flex e-con e-child\" data-id=\"979b208\" data-element_type=\"container\">\n\t\t\t\t<div class=\"elementor-element elementor-element-c333ded elementor-widget elementor-widget-text-editor\" data-id=\"c333ded\" data-element_type=\"widget\" data-widget_type=\"text-editor.default\">\n\t\t\t\t<div class=\"elementor-widget-container\">\n\t\t\t\t\t\t\t\t\tProduct features\t\t\t\t\t\t\t\t<\/div>\n\t\t\t\t<\/div>\n\t\t\t\t<div class=\"elementor-element elementor-element-e65de2f elementor-widget elementor-widget-text-editor\" data-id=\"e65de2f\" data-element_type=\"widget\" data-widget_type=\"text-editor.default\">\n\t\t\t\t<div class=\"elementor-widget-container\">\n\t\t\t\t\t\t\t\t\t<p>A refreshing English white wine, with all the aromas of a traditional Bacchus. With hints of citrus orchard and stone fruits accompanies by floral notes to bring you a fresh and clean finish.<\/p><p>Pairs perfectly with fish, pastas and light dishes. Best served chilled. Also perfect to simply enjoy on its own.<\/p><p>This Bacchus is our best yet and was picked from only the very best grapes from our vineyard. All our grapes are picked by hand and we specifically pick through and choose only the ripest and highest quality grapes. This wine has an ABV of 11.5%.<\/p>\t\t\t\t\t\t\t\t<\/div>\n\t\t\t\t<\/div>\n\t\t\t\t<div class=\"elementor-element elementor-element-37823ec elementor-widget elementor-widget-image\" data-id=\"37823ec\" data-element_type=\"widget\" data-widget_type=\"image.default\">\n\t\t\t\t<div class=\"elementor-widget-container\">\n\t\t\t\t\t\t\t\t\t\t\t\t\t\t\t<img fetchpriority=\"high\" decoding=\"async\" width=\"880\" height=\"450\" src=\"https:\/\/donamatildewine.cl\/wp-content\/uploads\/2024\/07\/single_product.jpg\" class=\"attachment-full size-full wp-image-2976\" alt=\"\" srcset=\"https:\/\/donamatildewine.cl\/wp-content\/uploads\/2024\/07\/single_product.jpg 880w, https:\/\/donamatildewine.cl\/wp-content\/uploads\/2024\/07\/single_product-450x230.jpg 450w, https:\/\/donamatildewine.cl\/wp-content\/uploads\/2024\/07\/single_product-800x409.jpg 800w, https:\/\/donamatildewine.cl\/wp-content\/uploads\/2024\/07\/single_product-300x153.jpg 300w, https:\/\/donamatildewine.cl\/wp-content\/uploads\/2024\/07\/single_product-768x393.jpg 768w\" sizes=\"(max-width: 880px) 100vw, 880px\" \/>\t\t\t\t\t\t\t\t\t\t\t\t\t\t\t<\/div>\n\t\t\t\t<\/div>\n\t\t\t\t<\/div>\n\t\t<div class=\"elementor-element elementor-element-f7c9eb0 e-con-full e-flex e-con e-child\" data-id=\"f7c9eb0\" data-element_type=\"container\">\n\t\t\t\t<div class=\"elementor-element elementor-element-6e31889 elementor-widget elementor-widget-text-editor\" data-id=\"6e31889\" data-element_type=\"widget\" data-widget_type=\"text-editor.default\">\n\t\t\t\t<div class=\"elementor-widget-container\">\n\t\t\t\t\t\t\t\t\tBlend\t\t\t\t\t\t\t\t<\/div>\n\t\t\t\t<\/div>\n\t\t<div class=\"elementor-element elementor-element-815161d e-con-full e-flex e-con e-child\" data-id=\"815161d\" data-element_type=\"container\">\n\t\t\t\t<div class=\"elementor-element elementor-element-d374382 elementor-widget elementor-widget-text-editor\" data-id=\"d374382\" data-element_type=\"widget\" data-widget_type=\"text-editor.default\">\n\t\t\t\t<div class=\"elementor-widget-container\">\n\t\t\t\t\t\t\t\t\tWine Style \t\t\t\t\t\t\t\t<\/div>\n\t\t\t\t<\/div>\n\t\t\t\t<div class=\"elementor-element elementor-element-3dd1da6 elementor-widget__width-initial elementor-widget elementor-widget-text-editor\" data-id=\"3dd1da6\" data-element_type=\"widget\" data-widget_type=\"text-editor.default\">\n\t\t\t\t<div class=\"elementor-widget-container\">\n\t\t\t\t\t\t\t\t\tWhite Wine\t\t\t\t\t\t\t\t<\/div>\n\t\t\t\t<\/div>\n\t\t\t\t<div class=\"elementor-element elementor-element-a9f20c6 elementor-widget-divider--view-line elementor-widget elementor-widget-divider\" data-id=\"a9f20c6\" data-element_type=\"widget\" data-widget_type=\"divider.default\">\n\t\t\t\t<div class=\"elementor-widget-container\">\n\t\t\t\t\t\t\t<div class=\"elementor-divider\">\n\t\t\t<span class=\"elementor-divider-separator\">\n\t\t\t\t\t\t<\/span>\n\t\t<\/div>\n\t\t\t\t\t\t<\/div>\n\t\t\t\t<\/div>\n\t\t\t\t<div class=\"elementor-element elementor-element-df80faa elementor-widget elementor-widget-text-editor\" data-id=\"df80faa\" data-element_type=\"widget\" data-widget_type=\"text-editor.default\">\n\t\t\t\t<div class=\"elementor-widget-container\">\n\t\t\t\t\t\t\t\t\tVarietal\t\t\t\t\t\t\t\t<\/div>\n\t\t\t\t<\/div>\n\t\t\t\t<div class=\"elementor-element elementor-element-5d93e69 elementor-widget__width-initial elementor-widget elementor-widget-text-editor\" data-id=\"5d93e69\" data-element_type=\"widget\" data-widget_type=\"text-editor.default\">\n\t\t\t\t<div class=\"elementor-widget-container\">\n\t\t\t\t\t\t\t\t\tChardonnay\t\t\t\t\t\t\t\t<\/div>\n\t\t\t\t<\/div>\n\t\t\t\t<div class=\"elementor-element elementor-element-e3bd9f8 elementor-widget-divider--view-line elementor-widget elementor-widget-divider\" data-id=\"e3bd9f8\" data-element_type=\"widget\" data-widget_type=\"divider.default\">\n\t\t\t\t<div class=\"elementor-widget-container\">\n\t\t\t\t\t\t\t<div class=\"elementor-divider\">\n\t\t\t<span class=\"elementor-divider-separator\">\n\t\t\t\t\t\t<\/span>\n\t\t<\/div>\n\t\t\t\t\t\t<\/div>\n\t\t\t\t<\/div>\n\t\t\t\t<div class=\"elementor-element elementor-element-d1732e4 elementor-widget elementor-widget-text-editor\" data-id=\"d1732e4\" data-element_type=\"widget\" data-widget_type=\"text-editor.default\">\n\t\t\t\t<div class=\"elementor-widget-container\">\n\t\t\t\t\t\t\t\t\tAppellation\t\t\t\t\t\t\t\t<\/div>\n\t\t\t\t<\/div>\n\t\t\t\t<div class=\"elementor-element elementor-element-7fe170c elementor-widget__width-initial elementor-widget elementor-widget-text-editor\" data-id=\"7fe170c\" data-element_type=\"widget\" data-widget_type=\"text-editor.default\">\n\t\t\t\t<div class=\"elementor-widget-container\">\n\t\t\t\t\t\t\t\t\tNapa Valley\t\t\t\t\t\t\t\t<\/div>\n\t\t\t\t<\/div>\n\t\t\t\t<div class=\"elementor-element elementor-element-0e0a101 elementor-widget-divider--view-line elementor-widget elementor-widget-divider\" data-id=\"0e0a101\" data-element_type=\"widget\" data-widget_type=\"divider.default\">\n\t\t\t\t<div class=\"elementor-widget-container\">\n\t\t\t\t\t\t\t<div class=\"elementor-divider\">\n\t\t\t<span class=\"elementor-divider-separator\">\n\t\t\t\t\t\t<\/span>\n\t\t<\/div>\n\t\t\t\t\t\t<\/div>\n\t\t\t\t<\/div>\n\t\t\t\t<div class=\"elementor-element elementor-element-6dbcf0a elementor-widget elementor-widget-text-editor\" data-id=\"6dbcf0a\" data-element_type=\"widget\" data-widget_type=\"text-editor.default\">\n\t\t\t\t<div class=\"elementor-widget-container\">\n\t\t\t\t\t\t\t\t\tAlcohol\t\t\t\t\t\t\t\t<\/div>\n\t\t\t\t<\/div>\n\t\t\t\t<div class=\"elementor-element elementor-element-fb19bef elementor-widget__width-initial elementor-widget elementor-widget-text-editor\" data-id=\"fb19bef\" data-element_type=\"widget\" data-widget_type=\"text-editor.default\">\n\t\t\t\t<div class=\"elementor-widget-container\">\n\t\t\t\t\t\t\t\t\t14.5%\t\t\t\t\t\t\t\t<\/div>\n\t\t\t\t<\/div>\n\t\t\t\t<div class=\"elementor-element elementor-element-71d8b58 elementor-widget-divider--view-line elementor-widget elementor-widget-divider\" data-id=\"71d8b58\" data-element_type=\"widget\" data-widget_type=\"divider.default\">\n\t\t\t\t<div class=\"elementor-widget-container\">\n\t\t\t\t\t\t\t<div class=\"elementor-divider\">\n\t\t\t<span class=\"elementor-divider-separator\">\n\t\t\t\t\t\t<\/span>\n\t\t<\/div>\n\t\t\t\t\t\t<\/div>\n\t\t\t\t<\/div>\n\t\t\t\t<div class=\"elementor-element elementor-element-7fead8b elementor-widget elementor-widget-text-editor\" data-id=\"7fead8b\" data-element_type=\"widget\" data-widget_type=\"text-editor.default\">\n\t\t\t\t<div class=\"elementor-widget-container\">\n\t\t\t\t\t\t\t\t\tSize\t\t\t\t\t\t\t\t<\/div>\n\t\t\t\t<\/div>\n\t\t\t\t<div class=\"elementor-element elementor-element-12c434a elementor-widget__width-initial elementor-widget elementor-widget-text-editor\" data-id=\"12c434a\" data-element_type=\"widget\" data-widget_type=\"text-editor.default\">\n\t\t\t\t<div class=\"elementor-widget-container\">\n\t\t\t\t\t\t\t\t\t750ml\t\t\t\t\t\t\t\t<\/div>\n\t\t\t\t<\/div>\n\t\t\t\t<\/div>\n\t\t\t\t<div class=\"elementor-element elementor-element-5dbe3b6 elementor-widget elementor-widget-text-editor\" data-id=\"5dbe3b6\" data-element_type=\"widget\" data-widget_type=\"text-editor.default\">\n\t\t\t\t<div class=\"elementor-widget-container\">\n\t\t\t\t\t\t\t\t\tTasting Notes \t\t\t\t\t\t\t\t<\/div>\n\t\t\t\t<\/div>\n\t\t\t\t<div class=\"elementor-element elementor-element-d2ef71f elementor-widget elementor-widget-text-editor\" data-id=\"d2ef71f\" data-element_type=\"widget\" data-widget_type=\"text-editor.default\">\n\t\t\t\t<div class=\"elementor-widget-container\">\n\t\t\t\t\t\t\t\t\tFresh cherry and raspberry aromas open into plush plum notes with subtle  spice, and brilliant red fruit flavors that linger for days.\t\t\t\t\t\t\t\t<\/div>\n\t\t\t\t<\/div>\n\t\t\t\t<\/div>\n\t\t\t\t\t<\/div>\n\t\t\t\t<\/div>\n\t\t\t\t<\/div>\n\t\t","protected":false},"excerpt":{"rendered":"<p>Eaque quis tempore laudantium maiores cumque. Possimus possimus non saepe quasi. Provident fugiat unde dignissimos sunt provident aut.<\/p>\n","protected":false},"featured_media":4400,"comment_status":"open","ping_status":"closed","template":"","meta":[],"product_cat":[25],"product_tag":[],"class_list":{"0":"post-120","1":"product","2":"type-product","3":"status-publish","4":"has-post-thumbnail","6":"product_cat-big-bottles","8":"first","9":"instock","10":"featured","11":"shipping-taxable","12":"purchasable","13":"product-type-simple"},"yoast_head":"<!-- This site is optimized with the Yoast SEO plugin v25.3 - https:\/\/yoast.com\/wordpress\/plugins\/seo\/ -->\n<title>Black Girl Magic Ros\u00e9 - Vi\u00f1a Do\u00f1a Matilde<\/title>\n<meta name=\"robots\" content=\"index, follow, max-snippet:-1, max-image-preview:large, max-video-preview:-1\" \/>\n<link rel=\"canonical\" href=\"https:\/\/donamatildewine.cl\/index.php\/product\/black-girl-magic-rose\/\" \/>\n<meta property=\"og:locale\" content=\"es_ES\" \/>\n<meta property=\"og:type\" content=\"article\" \/>\n<meta property=\"og:title\" content=\"Black Girl Magic Ros\u00e9 - Vi\u00f1a Do\u00f1a Matilde\" \/>\n<meta property=\"og:description\" content=\"Eaque quis tempore laudantium maiores cumque. Possimus possimus non saepe quasi. Provident fugiat unde dignissimos sunt provident aut.\" \/>\n<meta property=\"og:url\" content=\"https:\/\/donamatildewine.cl\/index.php\/product\/black-girl-magic-rose\/\" \/>\n<meta property=\"og:site_name\" content=\"Vi\u00f1a Do\u00f1a Matilde\" \/>\n<meta property=\"article:modified_time\" content=\"2025-06-16T22:11:28+00:00\" \/>\n<meta property=\"og:image\" content=\"https:\/\/donamatildewine.cl\/wp-content\/uploads\/2024\/07\/placeholder.jpeg\" \/>\n\t<meta property=\"og:image:width\" content=\"1000\" \/>\n\t<meta property=\"og:image:height\" content=\"1000\" \/>\n\t<meta property=\"og:image:type\" content=\"image\/jpeg\" \/>\n<meta name=\"twitter:card\" content=\"summary_large_image\" \/>\n<meta name=\"twitter:label1\" content=\"Tiempo de lectura\" \/>\n\t<meta name=\"twitter:data1\" content=\"1 minuto\" \/>\n<script type=\"application\/ld+json\" class=\"yoast-schema-graph\">{\"@context\":\"https:\/\/schema.org\",\"@graph\":[{\"@type\":\"WebPage\",\"@id\":\"https:\/\/donamatildewine.cl\/index.php\/product\/black-girl-magic-rose\/\",\"url\":\"https:\/\/donamatildewine.cl\/index.php\/product\/black-girl-magic-rose\/\",\"name\":\"Black Girl Magic Ros\u00e9 - Vi\u00f1a Do\u00f1a Matilde\",\"isPartOf\":{\"@id\":\"https:\/\/donamatildewine.cl\/#website\"},\"primaryImageOfPage\":{\"@id\":\"https:\/\/donamatildewine.cl\/index.php\/product\/black-girl-magic-rose\/#primaryimage\"},\"image\":{\"@id\":\"https:\/\/donamatildewine.cl\/index.php\/product\/black-girl-magic-rose\/#primaryimage\"},\"thumbnailUrl\":\"https:\/\/donamatildewine.cl\/wp-content\/uploads\/2024\/07\/placeholder.jpeg\",\"datePublished\":\"2024-07-08T03:05:15+00:00\",\"dateModified\":\"2025-06-16T22:11:28+00:00\",\"breadcrumb\":{\"@id\":\"https:\/\/donamatildewine.cl\/index.php\/product\/black-girl-magic-rose\/#breadcrumb\"},\"inLanguage\":\"es\",\"potentialAction\":[{\"@type\":\"ReadAction\",\"target\":[\"https:\/\/donamatildewine.cl\/index.php\/product\/black-girl-magic-rose\/\"]}]},{\"@type\":\"ImageObject\",\"inLanguage\":\"es\",\"@id\":\"https:\/\/donamatildewine.cl\/index.php\/product\/black-girl-magic-rose\/#primaryimage\",\"url\":\"https:\/\/donamatildewine.cl\/wp-content\/uploads\/2024\/07\/placeholder.jpeg\",\"contentUrl\":\"https:\/\/donamatildewine.cl\/wp-content\/uploads\/2024\/07\/placeholder.jpeg\",\"width\":1000,\"height\":1000},{\"@type\":\"BreadcrumbList\",\"@id\":\"https:\/\/donamatildewine.cl\/index.php\/product\/black-girl-magic-rose\/#breadcrumb\",\"itemListElement\":[{\"@type\":\"ListItem\",\"position\":1,\"name\":\"Portada\",\"item\":\"https:\/\/donamatildewine.cl\/\"},{\"@type\":\"ListItem\",\"position\":2,\"name\":\"Shop\",\"item\":\"https:\/\/donamatildewine.cl\/index.php\/shop\/\"},{\"@type\":\"ListItem\",\"position\":3,\"name\":\"Black Girl Magic Ros\u00e9\"}]},{\"@type\":\"WebSite\",\"@id\":\"https:\/\/donamatildewine.cl\/#website\",\"url\":\"https:\/\/donamatildewine.cl\/\",\"name\":\"Vi\u00f1a Do\u00f1a Matilde\",\"description\":\"Vi\u00f1a Boutique\",\"potentialAction\":[{\"@type\":\"SearchAction\",\"target\":{\"@type\":\"EntryPoint\",\"urlTemplate\":\"https:\/\/donamatildewine.cl\/?s={search_term_string}\"},\"query-input\":{\"@type\":\"PropertyValueSpecification\",\"valueRequired\":true,\"valueName\":\"search_term_string\"}}],\"inLanguage\":\"es\"}]}<\/script>\n<!-- \/ Yoast SEO plugin. -->","yoast_head_json":{"title":"Black Girl Magic Ros\u00e9 - Vi\u00f1a Do\u00f1a Matilde","robots":{"index":"index","follow":"follow","max-snippet":"max-snippet:-1","max-image-preview":"max-image-preview:large","max-video-preview":"max-video-preview:-1"},"canonical":"https:\/\/donamatildewine.cl\/index.php\/product\/black-girl-magic-rose\/","og_locale":"es_ES","og_type":"article","og_title":"Black Girl Magic Ros\u00e9 - Vi\u00f1a Do\u00f1a Matilde","og_description":"Eaque quis tempore laudantium maiores cumque. Possimus possimus non saepe quasi. Provident fugiat unde dignissimos sunt provident aut.","og_url":"https:\/\/donamatildewine.cl\/index.php\/product\/black-girl-magic-rose\/","og_site_name":"Vi\u00f1a Do\u00f1a Matilde","article_modified_time":"2025-06-16T22:11:28+00:00","og_image":[{"width":1000,"height":1000,"url":"https:\/\/donamatildewine.cl\/wp-content\/uploads\/2024\/07\/placeholder.jpeg","type":"image\/jpeg"}],"twitter_card":"summary_large_image","twitter_misc":{"Tiempo de lectura":"1 minuto"},"schema":{"@context":"https:\/\/schema.org","@graph":[{"@type":"WebPage","@id":"https:\/\/donamatildewine.cl\/index.php\/product\/black-girl-magic-rose\/","url":"https:\/\/donamatildewine.cl\/index.php\/product\/black-girl-magic-rose\/","name":"Black Girl Magic Ros\u00e9 - Vi\u00f1a Do\u00f1a Matilde","isPartOf":{"@id":"https:\/\/donamatildewine.cl\/#website"},"primaryImageOfPage":{"@id":"https:\/\/donamatildewine.cl\/index.php\/product\/black-girl-magic-rose\/#primaryimage"},"image":{"@id":"https:\/\/donamatildewine.cl\/index.php\/product\/black-girl-magic-rose\/#primaryimage"},"thumbnailUrl":"https:\/\/donamatildewine.cl\/wp-content\/uploads\/2024\/07\/placeholder.jpeg","datePublished":"2024-07-08T03:05:15+00:00","dateModified":"2025-06-16T22:11:28+00:00","breadcrumb":{"@id":"https:\/\/donamatildewine.cl\/index.php\/product\/black-girl-magic-rose\/#breadcrumb"},"inLanguage":"es","potentialAction":[{"@type":"ReadAction","target":["https:\/\/donamatildewine.cl\/index.php\/product\/black-girl-magic-rose\/"]}]},{"@type":"ImageObject","inLanguage":"es","@id":"https:\/\/donamatildewine.cl\/index.php\/product\/black-girl-magic-rose\/#primaryimage","url":"https:\/\/donamatildewine.cl\/wp-content\/uploads\/2024\/07\/placeholder.jpeg","contentUrl":"https:\/\/donamatildewine.cl\/wp-content\/uploads\/2024\/07\/placeholder.jpeg","width":1000,"height":1000},{"@type":"BreadcrumbList","@id":"https:\/\/donamatildewine.cl\/index.php\/product\/black-girl-magic-rose\/#breadcrumb","itemListElement":[{"@type":"ListItem","position":1,"name":"Portada","item":"https:\/\/donamatildewine.cl\/"},{"@type":"ListItem","position":2,"name":"Shop","item":"https:\/\/donamatildewine.cl\/index.php\/shop\/"},{"@type":"ListItem","position":3,"name":"Black Girl Magic Ros\u00e9"}]},{"@type":"WebSite","@id":"https:\/\/donamatildewine.cl\/#website","url":"https:\/\/donamatildewine.cl\/","name":"Vi\u00f1a Do\u00f1a Matilde","description":"Vi\u00f1a Boutique","potentialAction":[{"@type":"SearchAction","target":{"@type":"EntryPoint","urlTemplate":"https:\/\/donamatildewine.cl\/?s={search_term_string}"},"query-input":{"@type":"PropertyValueSpecification","valueRequired":true,"valueName":"search_term_string"}}],"inLanguage":"es"}]}},"_links":{"self":[{"href":"https:\/\/donamatildewine.cl\/index.php\/wp-json\/wp\/v2\/product\/120","targetHints":{"allow":["GET"]}}],"collection":[{"href":"https:\/\/donamatildewine.cl\/index.php\/wp-json\/wp\/v2\/product"}],"about":[{"href":"https:\/\/donamatildewine.cl\/index.php\/wp-json\/wp\/v2\/types\/product"}],"replies":[{"embeddable":true,"href":"https:\/\/donamatildewine.cl\/index.php\/wp-json\/wp\/v2\/comments?post=120"}],"wp:featuredmedia":[{"embeddable":true,"href":"https:\/\/donamatildewine.cl\/index.php\/wp-json\/wp\/v2\/media\/4400"}],"wp:attachment":[{"href":"https:\/\/donamatildewine.cl\/index.php\/wp-json\/wp\/v2\/media?parent=120"}],"wp:term":[{"taxonomy":"product_cat","embeddable":true,"href":"https:\/\/donamatildewine.cl\/index.php\/wp-json\/wp\/v2\/product_cat?post=120"},{"taxonomy":"product_tag","embeddable":true,"href":"https:\/\/donamatildewine.cl\/index.php\/wp-json\/wp\/v2\/product_tag?post=120"}],"curies":[{"name":"wp","href":"https:\/\/api.w.org\/{rel}","templated":true}]}}